{"id":1491,"date":"2025-03-22T19:44:32","date_gmt":"2025-03-22T19:44:32","guid":{"rendered":"https:\/\/infor.net\/portal\/?page_id=1491"},"modified":"2025-03-22T20:15:36","modified_gmt":"2025-03-22T20:15:36","slug":"contacto-guatemala","status":"publish","type":"page","link":"https:\/\/infor.net\/portal\/contacto-guatemala\/","title":{"rendered":"Contacto Guatemala"},"content":{"rendered":"\t\t<div data-elementor-type=\"wp-page\" data-elementor-id=\"1491\" class=\"elementor elementor-1491\">\n\t\t\t\t\t\t<section class=\"elementor-section elementor-top-section elementor-element elementor-element-14772480 elementor-reverse-tablet elementor-reverse-mobile elementor-section-content-middle elementor-section-boxed elementor-section-height-default elementor-section-height-default\" data-id=\"14772480\" data-element_type=\"section\" data-e-type=\"section\">\n\t\t\t\t\t\t<div class=\"elementor-container elementor-column-gap-default\">\n\t\t\t\t\t<div class=\"elementor-column elementor-col-33 elementor-top-column elementor-element elementor-element-635b0707\" data-id=\"635b0707\" data-element_type=\"column\" data-e-type=\"column\" data-settings=\"{&quot;background_background&quot;:&quot;classic&quot;}\">\n\t\t\t<div class=\"elementor-widget-wrap elementor-element-populated\">\n\t\t\t\t\t\t<div class=\"elementor-element elementor-element-666610dc elementor-widget elementor-widget-google_maps\" data-id=\"666610dc\" data-element_type=\"widget\" data-e-type=\"widget\" data-widget_type=\"google_maps.default\">\n\t\t\t\t<div class=\"elementor-widget-container\">\n\t\t\t\t\t\t\t<div class=\"elementor-custom-embed\">\n\t\t\t<iframe loading=\"lazy\"\n\t\t\t\t\tsrc=\"https:\/\/www.google.com\/maps\/embed\/v1\/place?key=AIzaSyCAaxPFw0w_4EMDaCdhirzFSCt8JCe6MWk&#038;q=infornet&#038;zoom=15\"\n\t\t\t\t\ttitle=\"infornet\"\n\t\t\t\t\taria-label=\"infornet\"\n\t\t\t><\/iframe>\n\t\t<\/div>\n\t\t\t\t\t\t<\/div>\n\t\t\t\t<\/div>\n\t\t\t\t\t<\/div>\n\t\t<\/div>\n\t\t\t\t<div class=\"elementor-column elementor-col-66 elementor-top-column elementor-element elementor-element-5a6e9957\" data-id=\"5a6e9957\" data-element_type=\"column\" data-e-type=\"column\">\n\t\t\t<div class=\"elementor-widget-wrap elementor-element-populated\">\n\t\t\t\t\t\t<div class=\"elementor-element elementor-element-9e30844 elementor-widget elementor-widget-title\" data-id=\"9e30844\" data-element_type=\"widget\" data-e-type=\"widget\" data-widget_type=\"title.default\">\n\t\t\t\t<div class=\"elementor-widget-container\">\n\t\t\t\t\t\r\n        <div class=\"theme-title  \">\r\n                          <h6>Mantente en contacto<\/h6>\r\n\t\t\t \r\n          <h2> \u00a1Escr\u00edbenos a Guatemala!<\/h2>\r\n           \r\n        <\/div>\r\n        \r\n\r\n\r\n        \t\t\t\t<\/div>\n\t\t\t\t<\/div>\n\t\t\t\t<div class=\"elementor-element elementor-element-76184f1f elementor-widget elementor-widget-shortcode\" data-id=\"76184f1f\" data-element_type=\"widget\" data-e-type=\"widget\" data-widget_type=\"shortcode.default\">\n\t\t\t\t<div class=\"elementor-widget-container\">\n\t\t\t\t\t\t\t<div class=\"elementor-shortcode\">\n<div class=\"wpcf7 no-js\" id=\"wpcf7-f1471-o1\" lang=\"en-US\" dir=\"ltr\" data-wpcf7-id=\"1471\">\n<div class=\"screen-reader-response\"><p role=\"status\" aria-live=\"polite\" aria-atomic=\"true\"><\/p> <ul><\/ul><\/div>\n<form action=\"\/portal\/wp-json\/wp\/v2\/pages\/1491#wpcf7-f1471-o1\" method=\"post\" class=\"wpcf7-form init\" aria-label=\"Contact form\" novalidate=\"novalidate\" data-status=\"init\">\n<fieldset class=\"hidden-fields-container\"><input type=\"hidden\" name=\"_wpcf7\" value=\"1471\" \/><input type=\"hidden\" name=\"_wpcf7_version\" value=\"6.1.5\" \/><input type=\"hidden\" name=\"_wpcf7_locale\" value=\"en_US\" \/><input type=\"hidden\" name=\"_wpcf7_unit_tag\" value=\"wpcf7-f1471-o1\" \/><input type=\"hidden\" name=\"_wpcf7_container_post\" value=\"0\" \/><input type=\"hidden\" name=\"_wpcf7_posted_data_hash\" value=\"\" \/>\n<\/fieldset>\n<div class=\"wpcf7-turnstile cf-turnstile\" data-sitekey=\"0x4AAAAAACD2p0IuMYqzMd21\" data-response-field-name=\"_wpcf7_turnstile_response\"><\/div>\n\n<div class=\"contact-form\">\n  <div class=\"row\">\n    <div class=\"col-md-4 mb-4\"><span class=\"wpcf7-form-control-wrap\" data-name=\"your-name\"><input size=\"40\" maxlength=\"400\" class=\"wpcf7-form-control wpcf7-text wpcf7-validates-as-required\" aria-required=\"true\" aria-invalid=\"false\" placeholder=\"Nombre\" value=\"\" type=\"text\" name=\"your-name\" \/><\/span><\/div>\n    <div class=\"col-md-4 mb-4\"><span class=\"wpcf7-form-control-wrap\" data-name=\"your-email\"><input size=\"40\" maxlength=\"400\" class=\"wpcf7-form-control wpcf7-email wpcf7-validates-as-required wpcf7-text wpcf7-validates-as-email\" aria-required=\"true\" aria-invalid=\"false\" placeholder=\"Correo Electr\u00f3nico\" value=\"\" type=\"email\" name=\"your-email\" \/><\/span><\/div>\n    <div class=\"col-md-4 mb-4\"><span class=\"wpcf7-form-control-wrap\" data-name=\"tel-893\"><input size=\"40\" maxlength=\"400\" class=\"wpcf7-form-control wpcf7-tel wpcf7-text wpcf7-validates-as-tel\" aria-invalid=\"false\" placeholder=\"N\u00famero de Tel\u00e9fono\" value=\"\" type=\"tel\" name=\"tel-893\" \/><\/span><\/div>\n    <div class=\"col-md-4 mb-4\"><span class=\"wpcf7-form-control-wrap\" data-name=\"your-subject\"><input size=\"40\" maxlength=\"400\" class=\"wpcf7-form-control wpcf7-text wpcf7-validates-as-required\" aria-required=\"true\" aria-invalid=\"false\" placeholder=\"Asunto\" value=\"\" type=\"text\" name=\"your-subject\" \/><\/span><\/div>\n    <div class=\"col-md-12 mb-4\"><span class=\"wpcf7-form-control-wrap\" data-name=\"your-message\"><textarea cols=\"40\" rows=\"10\" maxlength=\"2000\" class=\"wpcf7-form-control wpcf7-textarea wpcf7-validates-as-required\" aria-required=\"true\" aria-invalid=\"false\" placeholder=\"Mensaje\" name=\"your-message\"><\/textarea><\/span><\/div>\n    <div class=\"col-md-12\"><input class=\"wpcf7-form-control wpcf7-submit has-spinner\" type=\"submit\" value=\"Enviar Mensaje\" \/>\n    <\/div>\n  <\/div>\n<\/div><div class=\"wpcf7-response-output\" aria-hidden=\"true\"><\/div>\n<\/form>\n<\/div>\n<\/div>\n\t\t\t\t\t\t<\/div>\n\t\t\t\t<\/div>\n\t\t\t\t\t<\/div>\n\t\t<\/div>\n\t\t\t\t\t<\/div>\n\t\t<\/section>\n\t\t\t\t<section class=\"elementor-section elementor-top-section elementor-element elementor-element-13a825f4 elementor-section-boxed elementor-section-height-default elementor-section-height-default\" data-id=\"13a825f4\" data-element_type=\"section\" data-e-type=\"section\">\n\t\t\t\t\t\t<div class=\"elementor-container elementor-column-gap-default\">\n\t\t\t\t\t<div class=\"elementor-column elementor-col-33 elementor-top-column elementor-element elementor-element-21768f39\" data-id=\"21768f39\" data-element_type=\"column\" data-e-type=\"column\">\n\t\t\t<div class=\"elementor-widget-wrap elementor-element-populated\">\n\t\t\t\t\t\t<section class=\"elementor-section elementor-inner-section elementor-element elementor-element-554536fa box-shadow elementor-section-boxed elementor-section-height-default elementor-section-height-default\" data-id=\"554536fa\" data-element_type=\"section\" data-e-type=\"section\" data-settings=\"{&quot;background_background&quot;:&quot;classic&quot;}\">\n\t\t\t\t\t\t<div class=\"elementor-container elementor-column-gap-default\">\n\t\t\t\t\t<div class=\"elementor-column elementor-col-100 elementor-inner-column elementor-element elementor-element-510bff0a\" data-id=\"510bff0a\" data-element_type=\"column\" data-e-type=\"column\">\n\t\t\t<div class=\"elementor-widget-wrap elementor-element-populated\">\n\t\t\t\t\t\t<div class=\"elementor-element elementor-element-6e30ef74 elementor-widget elementor-widget-themeht-heading\" data-id=\"6e30ef74\" data-element_type=\"widget\" data-e-type=\"widget\" data-widget_type=\"themeht-heading.default\">\n\t\t\t\t<div class=\"elementor-widget-container\">\n\t\t\t\t\t\r\n        <div class=\"\">\r\n\r\n          <h4 class=\"mb-0 \">Guatemala<\/h4>       \r\n\r\n        <\/div>\r\n\r\n        \t\t\t\t<\/div>\n\t\t\t\t<\/div>\n\t\t\t\t\t<\/div>\n\t\t<\/div>\n\t\t\t\t\t<\/div>\n\t\t<\/section>\n\t\t\t\t<div class=\"elementor-element elementor-element-3d3e2f7d contact-box elementor-widget elementor-widget-contact-list\" data-id=\"3d3e2f7d\" data-element_type=\"widget\" data-e-type=\"widget\" data-widget_type=\"contact-list.default\">\n\t\t\t\t<div class=\"elementor-widget-container\">\n\t\t\t\t\t\r\n        <!-- Start rendering the output -->\r\n        \r\n        <div class=\"contact-media \">\r\n                <ul class=\"list-unstyled mb-0 contact-info\">\r\n                          <li><i class=\"flaticon flaticon-gps-1\"><\/i> \r\n              <span>Direcci\u00f3n<\/span>\r\n               \r\n            <p class=\"mb-0\">24 Calle 3-47 Zona 1, Ciudad de Guatemala, Guatemala\n<\/p>\r\n                    <\/li>\r\n                            <li><i class=\"flaticon flaticon-email\"><\/i> \r\n              <span>Correo Electr\u00f3nico<\/span>\r\n               <a href=\"https:\/\/infor.net\/portal\/contacto-guatemala\">Email Guatemala<\/a>\r\n                   <\/li>\r\n                            <li><i class=\"flaticon flaticon-mobile\"><\/i> \r\n              <span>Tel\u00e9fono<\/span>\r\n               <a href=\"tel:+502-2412-7444\">+(502) 2412 7444<\/a>\r\n                   <\/li>\r\n                          <\/ul>\r\n            <\/div>\r\n\r\n\r\n        <!-- End rendering the output -->\r\n\r\n\r\n\r\n        \t\t\t\t<\/div>\n\t\t\t\t<\/div>\n\t\t\t\t\t<\/div>\n\t\t<\/div>\n\t\t\t\t<div class=\"elementor-column elementor-col-33 elementor-top-column elementor-element elementor-element-62f7b97\" data-id=\"62f7b97\" data-element_type=\"column\" data-e-type=\"column\">\n\t\t\t<div class=\"elementor-widget-wrap elementor-element-populated\">\n\t\t\t\t\t\t<section class=\"elementor-section elementor-inner-section elementor-element elementor-element-b95c6ff box-shadow elementor-section-boxed elementor-section-height-default elementor-section-height-default\" data-id=\"b95c6ff\" data-element_type=\"section\" data-e-type=\"section\" data-settings=\"{&quot;background_background&quot;:&quot;classic&quot;}\">\n\t\t\t\t\t\t<div class=\"elementor-container elementor-column-gap-default\">\n\t\t\t\t\t<div class=\"elementor-column elementor-col-100 elementor-inner-column elementor-element elementor-element-2822847b\" data-id=\"2822847b\" data-element_type=\"column\" data-e-type=\"column\">\n\t\t\t<div class=\"elementor-widget-wrap elementor-element-populated\">\n\t\t\t\t\t\t<div class=\"elementor-element elementor-element-5ee67c04 elementor-widget elementor-widget-themeht-heading\" data-id=\"5ee67c04\" data-element_type=\"widget\" data-e-type=\"widget\" data-widget_type=\"themeht-heading.default\">\n\t\t\t\t<div class=\"elementor-widget-container\">\n\t\t\t\t\t\r\n        <div class=\"\">\r\n\r\n          <h4 class=\"mb-0 \">Honduras<\/h4>       \r\n\r\n        <\/div>\r\n\r\n        \t\t\t\t<\/div>\n\t\t\t\t<\/div>\n\t\t\t\t<div class=\"elementor-element elementor-element-2b37b642 contact-box elementor-widget elementor-widget-contact-list\" data-id=\"2b37b642\" data-element_type=\"widget\" data-e-type=\"widget\" data-widget_type=\"contact-list.default\">\n\t\t\t\t<div class=\"elementor-widget-container\">\n\t\t\t\t\t\r\n        <!-- Start rendering the output -->\r\n        \r\n        <div class=\"contact-media \">\r\n                <ul class=\"list-unstyled mb-0 contact-info\">\r\n                          <li><i class=\"flaticon flaticon-gps-1\"><\/i> \r\n              <span>Direcci\u00f3n<\/span>\r\n               \r\n            <p class=\"mb-0\">Condominio Metr\u00f3polis, Torre 2, Piso 12 Of 21204, Tegucigalpa\n<\/p>\r\n                    <\/li>\r\n                            <li><i class=\"flaticon flaticon-email\"><\/i> \r\n              <span>Correo Electr\u00f3nico<\/span>\r\n               <a href=\"https:\/\/infor.net\/portal\/contacto-honduras\">Email Honduras<\/a>\r\n                   <\/li>\r\n                            <li><i class=\"flaticon flaticon-mobile\"><\/i> \r\n              <span>Tel\u00e9fono<\/span>\r\n               <a href=\"tel:+504-2270-7410 \">+(504) 2270 7410<br>\n+(504) 3397 2211<\/a>\r\n                   <\/li>\r\n                          <\/ul>\r\n            <\/div>\r\n\r\n\r\n        <!-- End rendering the output -->\r\n\r\n\r\n\r\n        \t\t\t\t<\/div>\n\t\t\t\t<\/div>\n\t\t\t\t\t<\/div>\n\t\t<\/div>\n\t\t\t\t\t<\/div>\n\t\t<\/section>\n\t\t\t\t\t<\/div>\n\t\t<\/div>\n\t\t\t\t<div class=\"elementor-column elementor-col-33 elementor-top-column elementor-element elementor-element-7f18a11c\" data-id=\"7f18a11c\" data-element_type=\"column\" data-e-type=\"column\">\n\t\t\t<div class=\"elementor-widget-wrap elementor-element-populated\">\n\t\t\t\t\t\t<section class=\"elementor-section elementor-inner-section elementor-element elementor-element-2b638832 box-shadow elementor-hidden-desktop elementor-hidden-tablet elementor-hidden-mobile elementor-section-boxed elementor-section-height-default elementor-section-height-default\" data-id=\"2b638832\" data-element_type=\"section\" data-e-type=\"section\" data-settings=\"{&quot;background_background&quot;:&quot;classic&quot;}\">\n\t\t\t\t\t\t<div class=\"elementor-container elementor-column-gap-default\">\n\t\t\t\t\t<div class=\"elementor-column elementor-col-100 elementor-inner-column elementor-element elementor-element-4777a185\" data-id=\"4777a185\" data-element_type=\"column\" data-e-type=\"column\">\n\t\t\t<div class=\"elementor-widget-wrap elementor-element-populated\">\n\t\t\t\t\t\t<div class=\"elementor-element elementor-element-326e1417 elementor-widget elementor-widget-themeht-heading\" data-id=\"326e1417\" data-element_type=\"widget\" data-e-type=\"widget\" data-widget_type=\"themeht-heading.default\">\n\t\t\t\t<div class=\"elementor-widget-container\">\n\t\t\t\t\t\r\n        <div class=\"\">\r\n\r\n          <h4 class=\"mb-0 \">Nicaragua<\/h4>       \r\n\r\n        <\/div>\r\n\r\n        \t\t\t\t<\/div>\n\t\t\t\t<\/div>\n\t\t\t\t<div class=\"elementor-element elementor-element-2e07638b contact-box elementor-widget elementor-widget-contact-list\" data-id=\"2e07638b\" data-element_type=\"widget\" data-e-type=\"widget\" data-widget_type=\"contact-list.default\">\n\t\t\t\t<div class=\"elementor-widget-container\">\n\t\t\t\t\t\r\n        <!-- Start rendering the output -->\r\n        \r\n        <div class=\"contact-media \">\r\n                <ul class=\"list-unstyled mb-0 contact-info\">\r\n                          <li><i class=\"flaticon flaticon-gps-1\"><\/i> \r\n              <span>Direcci\u00f3n<\/span>\r\n               \r\n            <p class=\"mb-0\">Altamira D'Este\nCasa No. 300\na 2 1\/2 cuadras al sur de\nVicky, Managua<\/p>\r\n                    <\/li>\r\n                            <li><i class=\"flaticon flaticon-email\"><\/i> \r\n              <span>Correo Electr\u00f3nico<\/span>\r\n               <a href=\"mailto:nicaragua@infor.net\">nicaragua@infor.net<\/a>\r\n                   <\/li>\r\n                            <li><i class=\"flaticon flaticon-mobile\"><\/i> \r\n              <span>Tel\u00e9fono<\/span>\r\n               <a href=\"tel:+505-2270-2102\">+(505) 2270 2102<\/a>\r\n                   <\/li>\r\n                          <\/ul>\r\n            <\/div>\r\n\r\n\r\n        <!-- End rendering the output -->\r\n\r\n\r\n\r\n        \t\t\t\t<\/div>\n\t\t\t\t<\/div>\n\t\t\t\t\t<\/div>\n\t\t<\/div>\n\t\t\t\t\t<\/div>\n\t\t<\/section>\n\t\t\t\t\t<\/div>\n\t\t<\/div>\n\t\t\t\t\t<\/div>\n\t\t<\/section>\n\t\t\t\t<\/div>\n\t\t","protected":false},"excerpt":{"rendered":"<p>Mantente en contacto \u00a1Escr\u00edbenos a Guatemala! Guatemala Direcci\u00f3n 24 Calle 3-47 Zona 1, Ciudad de Guatemala, Guatemala Correo Electr\u00f3nico Email Guatemala Tel\u00e9fono +(502) 2412 7444 Honduras Direcci\u00f3n Condominio Metr\u00f3polis, Torre 2, Piso 12 Of 21204, Tegucigalpa Correo Electr\u00f3nico Email Honduras Tel\u00e9fono +(504) 2270 7410 +(504) 3397 2211 Nicaragua Direcci\u00f3n Altamira D&#8217;Este Casa No. 300 a [&hellip;]<\/p>\n","protected":false},"author":1,"featured_media":0,"parent":0,"menu_order":0,"comment_status":"closed","ping_status":"closed","template":"","meta":{"_acf_changed":false,"nf_dc_page":"","om_disable_all_campaigns":false,"footnotes":""},"class_list":["post-1491","page","type-page","status-publish","hentry"],"acf":[],"yoast_head":"<!-- This site is optimized with the Yoast SEO plugin v27.4 - https:\/\/yoast.com\/product\/yoast-seo-wordpress\/ -->\n<title>Contacto Guatemala - Infornet<\/title>\n<meta name=\"robots\" content=\"index, follow, max-snippet:-1, max-image-preview:large, max-video-preview:-1\" \/>\n<link rel=\"canonical\" href=\"https:\/\/infor.net\/portal\/contacto-guatemala\/\" \/>\n<meta property=\"og:locale\" content=\"es_ES\" \/>\n<meta property=\"og:type\" content=\"article\" \/>\n<meta property=\"og:title\" content=\"Contacto Guatemala - Infornet\" \/>\n<meta property=\"og:description\" content=\"Mantente en contacto \u00a1Escr\u00edbenos a Guatemala! Guatemala Direcci\u00f3n 24 Calle 3-47 Zona 1, Ciudad de Guatemala, Guatemala Correo Electr\u00f3nico Email Guatemala Tel\u00e9fono +(502) 2412 7444 Honduras Direcci\u00f3n Condominio Metr\u00f3polis, Torre 2, Piso 12 Of 21204, Tegucigalpa Correo Electr\u00f3nico Email Honduras Tel\u00e9fono +(504) 2270 7410 +(504) 3397 2211 Nicaragua Direcci\u00f3n Altamira D&#8217;Este Casa No. 300 a [&hellip;]\" \/>\n<meta property=\"og:url\" content=\"https:\/\/infor.net\/portal\/contacto-guatemala\/\" \/>\n<meta property=\"og:site_name\" content=\"Infornet\" \/>\n<meta property=\"article:modified_time\" content=\"2025-03-22T20:15:36+00:00\" \/>\n<meta name=\"twitter:card\" content=\"summary_large_image\" \/>\n<meta name=\"twitter:label1\" content=\"Tiempo de lectura\" \/>\n\t<meta name=\"twitter:data1\" content=\"1 minuto\" \/>\n<script type=\"application\/ld+json\" class=\"yoast-schema-graph\">{\"@context\":\"https:\\\/\\\/schema.org\",\"@graph\":[{\"@type\":\"WebPage\",\"@id\":\"https:\\\/\\\/infor.net\\\/portal\\\/contacto-guatemala\\\/\",\"url\":\"https:\\\/\\\/infor.net\\\/portal\\\/contacto-guatemala\\\/\",\"name\":\"Contacto Guatemala - Infornet\",\"isPartOf\":{\"@id\":\"https:\\\/\\\/infor.net\\\/portal\\\/#website\"},\"datePublished\":\"2025-03-22T19:44:32+00:00\",\"dateModified\":\"2025-03-22T20:15:36+00:00\",\"breadcrumb\":{\"@id\":\"https:\\\/\\\/infor.net\\\/portal\\\/contacto-guatemala\\\/#breadcrumb\"},\"inLanguage\":\"es\",\"potentialAction\":[{\"@type\":\"ReadAction\",\"target\":[\"https:\\\/\\\/infor.net\\\/portal\\\/contacto-guatemala\\\/\"]}]},{\"@type\":\"BreadcrumbList\",\"@id\":\"https:\\\/\\\/infor.net\\\/portal\\\/contacto-guatemala\\\/#breadcrumb\",\"itemListElement\":[{\"@type\":\"ListItem\",\"position\":1,\"name\":\"Home\",\"item\":\"https:\\\/\\\/infor.net\\\/portal\\\/\"},{\"@type\":\"ListItem\",\"position\":2,\"name\":\"Contacto Guatemala\"}]},{\"@type\":\"WebSite\",\"@id\":\"https:\\\/\\\/infor.net\\\/portal\\\/#website\",\"url\":\"https:\\\/\\\/infor.net\\\/portal\\\/\",\"name\":\"Infornet\",\"description\":\"Reduciendo Riesgos\",\"potentialAction\":[{\"@type\":\"SearchAction\",\"target\":{\"@type\":\"EntryPoint\",\"urlTemplate\":\"https:\\\/\\\/infor.net\\\/portal\\\/?s={search_term_string}\"},\"query-input\":{\"@type\":\"PropertyValueSpecification\",\"valueRequired\":true,\"valueName\":\"search_term_string\"}}],\"inLanguage\":\"es\"}]}<\/script>\n<!-- \/ Yoast SEO plugin. -->","yoast_head_json":{"title":"Contacto Guatemala - Infornet","robots":{"index":"index","follow":"follow","max-snippet":"max-snippet:-1","max-image-preview":"max-image-preview:large","max-video-preview":"max-video-preview:-1"},"canonical":"https:\/\/infor.net\/portal\/contacto-guatemala\/","og_locale":"es_ES","og_type":"article","og_title":"Contacto Guatemala - Infornet","og_description":"Mantente en contacto \u00a1Escr\u00edbenos a Guatemala! Guatemala Direcci\u00f3n 24 Calle 3-47 Zona 1, Ciudad de Guatemala, Guatemala Correo Electr\u00f3nico Email Guatemala Tel\u00e9fono +(502) 2412 7444 Honduras Direcci\u00f3n Condominio Metr\u00f3polis, Torre 2, Piso 12 Of 21204, Tegucigalpa Correo Electr\u00f3nico Email Honduras Tel\u00e9fono +(504) 2270 7410 +(504) 3397 2211 Nicaragua Direcci\u00f3n Altamira D&#8217;Este Casa No. 300 a [&hellip;]","og_url":"https:\/\/infor.net\/portal\/contacto-guatemala\/","og_site_name":"Infornet","article_modified_time":"2025-03-22T20:15:36+00:00","twitter_card":"summary_large_image","twitter_misc":{"Tiempo de lectura":"1 minuto"},"schema":{"@context":"https:\/\/schema.org","@graph":[{"@type":"WebPage","@id":"https:\/\/infor.net\/portal\/contacto-guatemala\/","url":"https:\/\/infor.net\/portal\/contacto-guatemala\/","name":"Contacto Guatemala - Infornet","isPartOf":{"@id":"https:\/\/infor.net\/portal\/#website"},"datePublished":"2025-03-22T19:44:32+00:00","dateModified":"2025-03-22T20:15:36+00:00","breadcrumb":{"@id":"https:\/\/infor.net\/portal\/contacto-guatemala\/#breadcrumb"},"inLanguage":"es","potentialAction":[{"@type":"ReadAction","target":["https:\/\/infor.net\/portal\/contacto-guatemala\/"]}]},{"@type":"BreadcrumbList","@id":"https:\/\/infor.net\/portal\/contacto-guatemala\/#breadcrumb","itemListElement":[{"@type":"ListItem","position":1,"name":"Home","item":"https:\/\/infor.net\/portal\/"},{"@type":"ListItem","position":2,"name":"Contacto Guatemala"}]},{"@type":"WebSite","@id":"https:\/\/infor.net\/portal\/#website","url":"https:\/\/infor.net\/portal\/","name":"Infornet","description":"Reduciendo Riesgos","potentialAction":[{"@type":"SearchAction","target":{"@type":"EntryPoint","urlTemplate":"https:\/\/infor.net\/portal\/?s={search_term_string}"},"query-input":{"@type":"PropertyValueSpecification","valueRequired":true,"valueName":"search_term_string"}}],"inLanguage":"es"}]}},"jetpack_sharing_enabled":true,"_links":{"self":[{"href":"https:\/\/infor.net\/portal\/wp-json\/wp\/v2\/pages\/1491","targetHints":{"allow":["GET"]}}],"collection":[{"href":"https:\/\/infor.net\/portal\/wp-json\/wp\/v2\/pages"}],"about":[{"href":"https:\/\/infor.net\/portal\/wp-json\/wp\/v2\/types\/page"}],"author":[{"embeddable":true,"href":"https:\/\/infor.net\/portal\/wp-json\/wp\/v2\/users\/1"}],"replies":[{"embeddable":true,"href":"https:\/\/infor.net\/portal\/wp-json\/wp\/v2\/comments?post=1491"}],"version-history":[{"count":5,"href":"https:\/\/infor.net\/portal\/wp-json\/wp\/v2\/pages\/1491\/revisions"}],"predecessor-version":[{"id":1528,"href":"https:\/\/infor.net\/portal\/wp-json\/wp\/v2\/pages\/1491\/revisions\/1528"}],"wp:attachment":[{"href":"https:\/\/infor.net\/portal\/wp-json\/wp\/v2\/media?parent=1491"}],"curies":[{"name":"wp","href":"https:\/\/api.w.org\/{rel}","templated":true}]}}