{"id":1353,"date":"2024-09-12T20:07:58","date_gmt":"2024-09-12T20:07:58","guid":{"rendered":"https:\/\/infor.net\/portal\/?page_id=1353"},"modified":"2024-09-17T16:14:41","modified_gmt":"2024-09-17T16:14:41","slug":"preguntas-frecuentes","status":"publish","type":"page","link":"https:\/\/infor.net\/portal\/preguntas-frecuentes\/","title":{"rendered":"Preguntas Frecuentes"},"content":{"rendered":"<p id=\"inicio\"><a href=\"#q01\">\u00bfContienen los estudios de referencias informaci\u00f3n de saldos de mis cuentas bancarias?<\/a><br \/>\n<a href=\"#q02\">\u00bfC\u00f3mo puedo incluir informaci\u00f3n positiva en mis referencias?<\/a><br \/>\n<a href=\"#q03\">\u00bfQu\u00e9 clase de informaci\u00f3n se incluye en un estudio de referencias?<\/a><br \/>\n<a href=\"#q04\">\u00bfQu\u00e9 es informaci\u00f3n sensible?<\/a><br \/>\n<a href=\"#q05\">\u00bfPor cu\u00e1nto tiempo permanecen las referencias judiciales de las personas?<\/a><br \/>\n<a href=\"#q06\">\u00bfinfor.net es creadora o generadora de informaci\u00f3n?<\/a><br \/>\n<a href=\"#q07\">\u00bfQui\u00e9n aprueba o niega mi solicitud de cr\u00e9dito?<\/a><br \/>\n<a href=\"#q08\">\u00bfQui\u00e9nes tienen acceso a la infomaci\u00f3n?<\/a><\/p>\n<p id=\"q01\"><strong>P \u00bfContienen los estudios de referencias informaci\u00f3n de saldos de mis cuentas bancarias?<\/strong><\/p>\n<p>R Absolutamente NO, infor.net y los bancos del sistema son estrictamente respetuosos de la norma legal que prohibe a los bancos y entidades captadoras de recursos, divulgar saldos de cuentas bancarias de sus cuentahabientes.<br \/>\n<a href=\"#inicio\">Inicio<\/a><\/p>\n<p id=\"q02\"><strong>P \u00bfC\u00f3mo puedo incluir informaci\u00f3n positiva en mis referencias?<\/strong><\/p>\n<p>R Presentando a nuestras oficinas sus finiquitos, informando a su acreedor que comparta su informaci\u00f3n positiva con nosotros.<br \/>\n<a href=\"#inicio\">Inicio<\/a><\/p>\n<p id=\"q03\"><strong>P \u00bfQu\u00e9 clase de informaci\u00f3n se incluye en un estudio de referencias?<\/strong><\/p>\n<p>R Informaci\u00f3n relativa a identificaci\u00f3n de la persona, informaci\u00f3n proveniente de registros p\u00fablicos, de juzgados y tribunales de justicia, referencias comerciales.<br \/>\n<a href=\"#inicio\">Inicio<\/a><\/p>\n<p id=\"q04\"><strong>P \u00bfQu\u00e9 es informaci\u00f3n sensible?<\/strong><\/p>\n<p>R Informaci\u00f3n que se refiere a las caracter\u00edsticas f\u00edsicas o morales de las personas o a hechos o circunstancias de su vida privada o actividad, tales como los h\u00e1bitos personales, de origen racial, el origen \u00e9tnico, las ideolog\u00edas y opiniones pol\u00edticas, las creencias o convicciones religiosas, los estados de salud f\u00edsicos o ps\u00edquicos, preferencia o vida sexual, situaci\u00f3n moral y familiar. Este tipo de informaci\u00f3n no se maneja en infor.net.<br \/>\n<a href=\"#inicio\">Inicio<\/a><\/p>\n<p id=\"q05\"><strong>P \u00bfPor cu\u00e1nto tiempo permanecen las referencias judiciales de las personas?<\/strong><\/p>\n<p>R Por un per\u00edodo de diez a\u00f1os a excepci\u00f3n que exista una condena.<br \/>\n<a href=\"#inicio\">Inicio<\/a><\/p>\n<p id=\"q06\"><strong>P \u00bfPara qu\u00e9 se utiliza un estudio de referencias?<\/strong><\/p>\n<p>R Para analizar solicitudes de cr\u00e9dito, de empleo, celebraci\u00f3n de contratos civiles, mercantiles.<br \/>\n<a href=\"#inicio\">Inicio<\/a><\/p>\n<p id=\"q07\"><strong>P \u00bfinfor.net es creadora o generadora de informaci\u00f3n?<\/strong><\/p>\n<p>R No, infor.net \u00fanicamente recopila informaci\u00f3n de fuentes p\u00fablicas y privadas.<br \/>\n<a href=\"#inicio\">Inicio<\/a><\/p>\n<p id=\"q08\"><strong>P \u00bfQui\u00e9nes tienen acceso a la infomaci\u00f3n?<\/strong><\/p>\n<p>R Entidades financieras, bancarias, de seguros, empresas mercantiles, empresas inmobiliarias, entre otros.<br \/>\n<a href=\"#inicio\">Inicio<\/a><\/p>\n","protected":false},"excerpt":{"rendered":"<p>\u00bfContienen los estudios de referencias informaci\u00f3n de saldos de mis cuentas bancarias? \u00bfC\u00f3mo puedo incluir informaci\u00f3n positiva en mis referencias? \u00bfQu\u00e9 clase de informaci\u00f3n se incluye en un estudio de referencias? \u00bfQu\u00e9 es informaci\u00f3n sensible? \u00bfPor cu\u00e1nto tiempo permanecen las referencias judiciales de las personas? \u00bfinfor.net es creadora o generadora de informaci\u00f3n? \u00bfQui\u00e9n aprueba o [&hellip;]<\/p>\n","protected":false},"author":1,"featured_media":0,"parent":0,"menu_order":0,"comment_status":"closed","ping_status":"closed","template":"","meta":{"_acf_changed":false,"nf_dc_page":"","om_disable_all_campaigns":false,"footnotes":""},"class_list":["post-1353","page","type-page","status-publish","hentry"],"acf":[],"yoast_head":"<!-- This site is optimized with the Yoast SEO plugin v27.4 - https:\/\/yoast.com\/product\/yoast-seo-wordpress\/ -->\n<title>Preguntas Frecuentes - Infornet<\/title>\n<meta name=\"robots\" content=\"index, follow, max-snippet:-1, max-image-preview:large, max-video-preview:-1\" \/>\n<link rel=\"canonical\" href=\"https:\/\/infor.net\/portal\/preguntas-frecuentes\/\" \/>\n<meta property=\"og:locale\" content=\"es_ES\" \/>\n<meta property=\"og:type\" content=\"article\" \/>\n<meta property=\"og:title\" content=\"Preguntas Frecuentes - Infornet\" \/>\n<meta property=\"og:description\" content=\"\u00bfContienen los estudios de referencias informaci\u00f3n de saldos de mis cuentas bancarias? \u00bfC\u00f3mo puedo incluir informaci\u00f3n positiva en mis referencias? \u00bfQu\u00e9 clase de informaci\u00f3n se incluye en un estudio de referencias? \u00bfQu\u00e9 es informaci\u00f3n sensible? \u00bfPor cu\u00e1nto tiempo permanecen las referencias judiciales de las personas? \u00bfinfor.net es creadora o generadora de informaci\u00f3n? \u00bfQui\u00e9n aprueba o [&hellip;]\" \/>\n<meta property=\"og:url\" content=\"https:\/\/infor.net\/portal\/preguntas-frecuentes\/\" \/>\n<meta property=\"og:site_name\" content=\"Infornet\" \/>\n<meta property=\"article:modified_time\" content=\"2024-09-17T16:14:41+00:00\" \/>\n<meta name=\"twitter:card\" content=\"summary_large_image\" \/>\n<meta name=\"twitter:label1\" content=\"Tiempo de lectura\" \/>\n\t<meta name=\"twitter:data1\" content=\"2 minutos\" \/>\n<script type=\"application\/ld+json\" class=\"yoast-schema-graph\">{\"@context\":\"https:\\\/\\\/schema.org\",\"@graph\":[{\"@type\":\"WebPage\",\"@id\":\"https:\\\/\\\/infor.net\\\/portal\\\/preguntas-frecuentes\\\/\",\"url\":\"https:\\\/\\\/infor.net\\\/portal\\\/preguntas-frecuentes\\\/\",\"name\":\"Preguntas Frecuentes - Infornet\",\"isPartOf\":{\"@id\":\"https:\\\/\\\/infor.net\\\/portal\\\/#website\"},\"datePublished\":\"2024-09-12T20:07:58+00:00\",\"dateModified\":\"2024-09-17T16:14:41+00:00\",\"breadcrumb\":{\"@id\":\"https:\\\/\\\/infor.net\\\/portal\\\/preguntas-frecuentes\\\/#breadcrumb\"},\"inLanguage\":\"es\",\"potentialAction\":[{\"@type\":\"ReadAction\",\"target\":[\"https:\\\/\\\/infor.net\\\/portal\\\/preguntas-frecuentes\\\/\"]}]},{\"@type\":\"BreadcrumbList\",\"@id\":\"https:\\\/\\\/infor.net\\\/portal\\\/preguntas-frecuentes\\\/#breadcrumb\",\"itemListElement\":[{\"@type\":\"ListItem\",\"position\":1,\"name\":\"Home\",\"item\":\"https:\\\/\\\/infor.net\\\/portal\\\/\"},{\"@type\":\"ListItem\",\"position\":2,\"name\":\"Preguntas Frecuentes\"}]},{\"@type\":\"WebSite\",\"@id\":\"https:\\\/\\\/infor.net\\\/portal\\\/#website\",\"url\":\"https:\\\/\\\/infor.net\\\/portal\\\/\",\"name\":\"Infornet\",\"description\":\"Reduciendo Riesgos\",\"potentialAction\":[{\"@type\":\"SearchAction\",\"target\":{\"@type\":\"EntryPoint\",\"urlTemplate\":\"https:\\\/\\\/infor.net\\\/portal\\\/?s={search_term_string}\"},\"query-input\":{\"@type\":\"PropertyValueSpecification\",\"valueRequired\":true,\"valueName\":\"search_term_string\"}}],\"inLanguage\":\"es\"}]}<\/script>\n<!-- \/ Yoast SEO plugin. -->","yoast_head_json":{"title":"Preguntas Frecuentes - Infornet","robots":{"index":"index","follow":"follow","max-snippet":"max-snippet:-1","max-image-preview":"max-image-preview:large","max-video-preview":"max-video-preview:-1"},"canonical":"https:\/\/infor.net\/portal\/preguntas-frecuentes\/","og_locale":"es_ES","og_type":"article","og_title":"Preguntas Frecuentes - Infornet","og_description":"\u00bfContienen los estudios de referencias informaci\u00f3n de saldos de mis cuentas bancarias? \u00bfC\u00f3mo puedo incluir informaci\u00f3n positiva en mis referencias? \u00bfQu\u00e9 clase de informaci\u00f3n se incluye en un estudio de referencias? \u00bfQu\u00e9 es informaci\u00f3n sensible? \u00bfPor cu\u00e1nto tiempo permanecen las referencias judiciales de las personas? \u00bfinfor.net es creadora o generadora de informaci\u00f3n? \u00bfQui\u00e9n aprueba o [&hellip;]","og_url":"https:\/\/infor.net\/portal\/preguntas-frecuentes\/","og_site_name":"Infornet","article_modified_time":"2024-09-17T16:14:41+00:00","twitter_card":"summary_large_image","twitter_misc":{"Tiempo de lectura":"2 minutos"},"schema":{"@context":"https:\/\/schema.org","@graph":[{"@type":"WebPage","@id":"https:\/\/infor.net\/portal\/preguntas-frecuentes\/","url":"https:\/\/infor.net\/portal\/preguntas-frecuentes\/","name":"Preguntas Frecuentes - Infornet","isPartOf":{"@id":"https:\/\/infor.net\/portal\/#website"},"datePublished":"2024-09-12T20:07:58+00:00","dateModified":"2024-09-17T16:14:41+00:00","breadcrumb":{"@id":"https:\/\/infor.net\/portal\/preguntas-frecuentes\/#breadcrumb"},"inLanguage":"es","potentialAction":[{"@type":"ReadAction","target":["https:\/\/infor.net\/portal\/preguntas-frecuentes\/"]}]},{"@type":"BreadcrumbList","@id":"https:\/\/infor.net\/portal\/preguntas-frecuentes\/#breadcrumb","itemListElement":[{"@type":"ListItem","position":1,"name":"Home","item":"https:\/\/infor.net\/portal\/"},{"@type":"ListItem","position":2,"name":"Preguntas Frecuentes"}]},{"@type":"WebSite","@id":"https:\/\/infor.net\/portal\/#website","url":"https:\/\/infor.net\/portal\/","name":"Infornet","description":"Reduciendo Riesgos","potentialAction":[{"@type":"SearchAction","target":{"@type":"EntryPoint","urlTemplate":"https:\/\/infor.net\/portal\/?s={search_term_string}"},"query-input":{"@type":"PropertyValueSpecification","valueRequired":true,"valueName":"search_term_string"}}],"inLanguage":"es"}]}},"jetpack_sharing_enabled":true,"_links":{"self":[{"href":"https:\/\/infor.net\/portal\/wp-json\/wp\/v2\/pages\/1353","targetHints":{"allow":["GET"]}}],"collection":[{"href":"https:\/\/infor.net\/portal\/wp-json\/wp\/v2\/pages"}],"about":[{"href":"https:\/\/infor.net\/portal\/wp-json\/wp\/v2\/types\/page"}],"author":[{"embeddable":true,"href":"https:\/\/infor.net\/portal\/wp-json\/wp\/v2\/users\/1"}],"replies":[{"embeddable":true,"href":"https:\/\/infor.net\/portal\/wp-json\/wp\/v2\/comments?post=1353"}],"version-history":[{"count":2,"href":"https:\/\/infor.net\/portal\/wp-json\/wp\/v2\/pages\/1353\/revisions"}],"predecessor-version":[{"id":1437,"href":"https:\/\/infor.net\/portal\/wp-json\/wp\/v2\/pages\/1353\/revisions\/1437"}],"wp:attachment":[{"href":"https:\/\/infor.net\/portal\/wp-json\/wp\/v2\/media?parent=1353"}],"curies":[{"name":"wp","href":"https:\/\/api.w.org\/{rel}","templated":true}]}}