{"id":1349,"date":"2024-09-12T18:25:30","date_gmt":"2024-09-12T18:25:30","guid":{"rendered":"https:\/\/infor.net\/portal\/?page_id=1349"},"modified":"2024-09-17T16:20:40","modified_gmt":"2024-09-17T16:20:40","slug":"acerca-de-la-informacion","status":"publish","type":"page","link":"https:\/\/infor.net\/portal\/acerca-de-la-informacion\/","title":{"rendered":"Acerca de la Informaci\u00f3n"},"content":{"rendered":"\n<p class=\"\"><strong>Su utilizaci\u00f3n:<\/strong><br>Tanto clientes de infor.net, como deudores, solicitantes de empleo o partes contractuales, pueden utilizar la informaci\u00f3n de manera que les permita realizar un an\u00e1lisis objetivo en la negociaci\u00f3n que van a realizar. El otorgante de cr\u00e9dito a trav\u00e9s del contenido de los estudios de referencias puede determinar la forma en que su potencial deudor se ha comportado en obligaciones anteriores. Los usuarios de cr\u00e9dito pueden con credibilidad demostrar a su potencial acreedor, su buen record crediticio y capacidad de endeudamiento, pues quien realiza el estudio de referencias (infor.net), es un ente ajeno e imparcial en el traslado de la informaci\u00f3n que utiliza el analista.<br><br>Los usuarios de la informaci\u00f3n son personas individuales o jur\u00eddicas con reglas y pol\u00edticas crediticias independientes, el an\u00e1lisis que \u00e9stos realicen de la informaci\u00f3n, se sujetar\u00e1 a sus propias pol\u00edticas, techos de financiamiento, prioridades y sistemas de evaluaci\u00f3n.<br><br>En reiteradas oportunidades infor.net enfatiza en que no participa en las decisiones que tomen los usuarios de la informaci\u00f3n, ya que su misi\u00f3n es \u00fanicamente presentar a sus clientes la informaci\u00f3n como una herramienta m\u00e1s en la toma de decisiones.<\/p>\n\n\n\n<p class=\"\"><strong>La informaci\u00f3n, es un medio transparente y confiable en el an\u00e1lisis de negociaciones:<\/strong><br>Con el transcurso de los a\u00f1os, las entidades bancarias, financieras, otorgantes de cr\u00e9dito, de empleo, comerciantes, personas que realizan negociaciones l\u00edcitas, se han ido percatando que \u201ccompartir informaci\u00f3n\u201d, se ha transformado en un medio leg\u00edtimo de competitividad, ya que la capacidad de endeudamiento de los usuarios de cr\u00e9dito al ser analizada con objetividad e imparcialidad provoca salud financiera en la sociedad, reduce riesgos en las negociaciones y obliga a las personas a ser m\u00e1s responsables en el cumplimiento de sus obligaciones. El incumplimieto o cumplimiento de las obligaciones se ve reflejado en la informaci\u00f3n.<br><br>Las personas que cumplen con sus obligaciones merecen ser beneficiadas, merecen confiabilidad y merecen que sus solicitudes sean procesadas con mayor rapidez y mayores privilegios.<br><br>Cualquier informaci\u00f3n, sea \u00e9sta crediticia, judicial, registral o de cualquier otra fuente, es \u00fatil en el an\u00e1lisis de las negociaciones.<\/p>\n\n\n\n<p class=\"\"><strong>Las referencias en el sistema financiero:<\/strong><br>Los servicios de informaci\u00f3n a trav\u00e9s de referencias, son esenciales para que los tomen decisiones con m\u00e1s agilidad y precisi\u00f3n, lo que convierte al mercado en m\u00e1s accesible y m\u00e1s competitivo, ayuda al prestatario (deudor) con buen comportamiento en sus obligaciones, a obtener mejores condiciones de cr\u00e9dito como tasas m\u00e1s bajas de inter\u00e9s, plazos m\u00e1s prolongados.<br><br>Los sistemas de informaci\u00f3n crediticia son una parte esencial de la infraestructura financiera que permite el acceso al financiamiento.<\/p>\n\n\n\n<p class=\"\"><strong>Beneficio de actualizar su informaci\u00f3n:<\/strong><br>Infor.net en su misi\u00f3n de brindar informaci\u00f3n objetiva, actualizada y fidedigna para la realizaci\u00f3n de negociaciones, presenta a usted como ciudadano, el beneficio de actualizar su informaci\u00f3n, poniendo a su disposici\u00f3n sin costo alguno, nuestro personal de recepci\u00f3n y de referencias en cada pa\u00eds, que con prontitud y deferencia le atender\u00e1n para agregar, actualizar o corregir informaci\u00f3n, o bien corregir cualquier impresici\u00f3n u hom\u00f3nimo.<br><br>Los finiquitos de entidades bancarias, financieras, comerciales o de cualquier otro tipo o bien documentos de juzgados que usted nos proporcione, ser\u00e1n operados en su informaci\u00f3n, de manera pronta, sin ning\u00fan costo y con el beneficio de superar cualquier omisi\u00f3n que haya hecho alg\u00fan acreedor, relativa a que usted cumpli\u00f3 con sus obligaciones y que se encuentra solvente.<br><br>Para tales efectos, usted no est\u00e1 obligado ni necesita, contratar a persona individual o empresa alguna para realizar estos tr\u00e1mites. Si usted lo desea puede realizar estos tr\u00e1mites, proporcion\u00e1ndonos la informaci\u00f3n por medio correo electr\u00f3nico o copias simples, en cada pa\u00eds nuestro personal se encargar\u00e1 de verificar la misma y operarla oportunamente.<\/p>\n\n\n\n<p class=\"\"><\/p>\n\n\n\n<p class=\"\"><\/p>\n","protected":false},"excerpt":{"rendered":"<p>Su utilizaci\u00f3n:Tanto clientes de infor.net, como deudores, solicitantes de empleo o partes contractuales, pueden utilizar la informaci\u00f3n de manera que les permita realizar un an\u00e1lisis objetivo en la negociaci\u00f3n que van a realizar. El otorgante de cr\u00e9dito a trav\u00e9s del contenido de los estudios de referencias puede determinar la forma en que su potencial deudor [&hellip;]<\/p>\n","protected":false},"author":1,"featured_media":0,"parent":0,"menu_order":0,"comment_status":"closed","ping_status":"closed","template":"","meta":{"_acf_changed":false,"nf_dc_page":"","om_disable_all_campaigns":false,"footnotes":""},"class_list":["post-1349","page","type-page","status-publish","hentry"],"acf":[],"yoast_head":"<!-- This site is optimized with the Yoast SEO plugin v27.4 - https:\/\/yoast.com\/product\/yoast-seo-wordpress\/ -->\n<title>Acerca de la Informaci\u00f3n - Infornet<\/title>\n<meta name=\"robots\" content=\"index, follow, max-snippet:-1, max-image-preview:large, max-video-preview:-1\" \/>\n<link rel=\"canonical\" href=\"https:\/\/infor.net\/portal\/acerca-de-la-informacion\/\" \/>\n<meta property=\"og:locale\" content=\"es_ES\" \/>\n<meta property=\"og:type\" content=\"article\" \/>\n<meta property=\"og:title\" content=\"Acerca de la Informaci\u00f3n - Infornet\" \/>\n<meta property=\"og:description\" content=\"Su utilizaci\u00f3n:Tanto clientes de infor.net, como deudores, solicitantes de empleo o partes contractuales, pueden utilizar la informaci\u00f3n de manera que les permita realizar un an\u00e1lisis objetivo en la negociaci\u00f3n que van a realizar. El otorgante de cr\u00e9dito a trav\u00e9s del contenido de los estudios de referencias puede determinar la forma en que su potencial deudor [&hellip;]\" \/>\n<meta property=\"og:url\" content=\"https:\/\/infor.net\/portal\/acerca-de-la-informacion\/\" \/>\n<meta property=\"og:site_name\" content=\"Infornet\" \/>\n<meta property=\"article:modified_time\" content=\"2024-09-17T16:20:40+00:00\" \/>\n<meta name=\"twitter:card\" content=\"summary_large_image\" \/>\n<meta name=\"twitter:label1\" content=\"Tiempo de lectura\" \/>\n\t<meta name=\"twitter:data1\" content=\"3 minutos\" \/>\n<script type=\"application\/ld+json\" class=\"yoast-schema-graph\">{\"@context\":\"https:\\\/\\\/schema.org\",\"@graph\":[{\"@type\":\"WebPage\",\"@id\":\"https:\\\/\\\/infor.net\\\/portal\\\/acerca-de-la-informacion\\\/\",\"url\":\"https:\\\/\\\/infor.net\\\/portal\\\/acerca-de-la-informacion\\\/\",\"name\":\"Acerca de la Informaci\u00f3n - Infornet\",\"isPartOf\":{\"@id\":\"https:\\\/\\\/infor.net\\\/portal\\\/#website\"},\"datePublished\":\"2024-09-12T18:25:30+00:00\",\"dateModified\":\"2024-09-17T16:20:40+00:00\",\"breadcrumb\":{\"@id\":\"https:\\\/\\\/infor.net\\\/portal\\\/acerca-de-la-informacion\\\/#breadcrumb\"},\"inLanguage\":\"es\",\"potentialAction\":[{\"@type\":\"ReadAction\",\"target\":[\"https:\\\/\\\/infor.net\\\/portal\\\/acerca-de-la-informacion\\\/\"]}]},{\"@type\":\"BreadcrumbList\",\"@id\":\"https:\\\/\\\/infor.net\\\/portal\\\/acerca-de-la-informacion\\\/#breadcrumb\",\"itemListElement\":[{\"@type\":\"ListItem\",\"position\":1,\"name\":\"Home\",\"item\":\"https:\\\/\\\/infor.net\\\/portal\\\/\"},{\"@type\":\"ListItem\",\"position\":2,\"name\":\"Acerca de la Informaci\u00f3n\"}]},{\"@type\":\"WebSite\",\"@id\":\"https:\\\/\\\/infor.net\\\/portal\\\/#website\",\"url\":\"https:\\\/\\\/infor.net\\\/portal\\\/\",\"name\":\"Infornet\",\"description\":\"Reduciendo Riesgos\",\"potentialAction\":[{\"@type\":\"SearchAction\",\"target\":{\"@type\":\"EntryPoint\",\"urlTemplate\":\"https:\\\/\\\/infor.net\\\/portal\\\/?s={search_term_string}\"},\"query-input\":{\"@type\":\"PropertyValueSpecification\",\"valueRequired\":true,\"valueName\":\"search_term_string\"}}],\"inLanguage\":\"es\"}]}<\/script>\n<!-- \/ Yoast SEO plugin. -->","yoast_head_json":{"title":"Acerca de la Informaci\u00f3n - Infornet","robots":{"index":"index","follow":"follow","max-snippet":"max-snippet:-1","max-image-preview":"max-image-preview:large","max-video-preview":"max-video-preview:-1"},"canonical":"https:\/\/infor.net\/portal\/acerca-de-la-informacion\/","og_locale":"es_ES","og_type":"article","og_title":"Acerca de la Informaci\u00f3n - Infornet","og_description":"Su utilizaci\u00f3n:Tanto clientes de infor.net, como deudores, solicitantes de empleo o partes contractuales, pueden utilizar la informaci\u00f3n de manera que les permita realizar un an\u00e1lisis objetivo en la negociaci\u00f3n que van a realizar. El otorgante de cr\u00e9dito a trav\u00e9s del contenido de los estudios de referencias puede determinar la forma en que su potencial deudor [&hellip;]","og_url":"https:\/\/infor.net\/portal\/acerca-de-la-informacion\/","og_site_name":"Infornet","article_modified_time":"2024-09-17T16:20:40+00:00","twitter_card":"summary_large_image","twitter_misc":{"Tiempo de lectura":"3 minutos"},"schema":{"@context":"https:\/\/schema.org","@graph":[{"@type":"WebPage","@id":"https:\/\/infor.net\/portal\/acerca-de-la-informacion\/","url":"https:\/\/infor.net\/portal\/acerca-de-la-informacion\/","name":"Acerca de la Informaci\u00f3n - Infornet","isPartOf":{"@id":"https:\/\/infor.net\/portal\/#website"},"datePublished":"2024-09-12T18:25:30+00:00","dateModified":"2024-09-17T16:20:40+00:00","breadcrumb":{"@id":"https:\/\/infor.net\/portal\/acerca-de-la-informacion\/#breadcrumb"},"inLanguage":"es","potentialAction":[{"@type":"ReadAction","target":["https:\/\/infor.net\/portal\/acerca-de-la-informacion\/"]}]},{"@type":"BreadcrumbList","@id":"https:\/\/infor.net\/portal\/acerca-de-la-informacion\/#breadcrumb","itemListElement":[{"@type":"ListItem","position":1,"name":"Home","item":"https:\/\/infor.net\/portal\/"},{"@type":"ListItem","position":2,"name":"Acerca de la Informaci\u00f3n"}]},{"@type":"WebSite","@id":"https:\/\/infor.net\/portal\/#website","url":"https:\/\/infor.net\/portal\/","name":"Infornet","description":"Reduciendo Riesgos","potentialAction":[{"@type":"SearchAction","target":{"@type":"EntryPoint","urlTemplate":"https:\/\/infor.net\/portal\/?s={search_term_string}"},"query-input":{"@type":"PropertyValueSpecification","valueRequired":true,"valueName":"search_term_string"}}],"inLanguage":"es"}]}},"jetpack_sharing_enabled":true,"_links":{"self":[{"href":"https:\/\/infor.net\/portal\/wp-json\/wp\/v2\/pages\/1349","targetHints":{"allow":["GET"]}}],"collection":[{"href":"https:\/\/infor.net\/portal\/wp-json\/wp\/v2\/pages"}],"about":[{"href":"https:\/\/infor.net\/portal\/wp-json\/wp\/v2\/types\/page"}],"author":[{"embeddable":true,"href":"https:\/\/infor.net\/portal\/wp-json\/wp\/v2\/users\/1"}],"replies":[{"embeddable":true,"href":"https:\/\/infor.net\/portal\/wp-json\/wp\/v2\/comments?post=1349"}],"version-history":[{"count":3,"href":"https:\/\/infor.net\/portal\/wp-json\/wp\/v2\/pages\/1349\/revisions"}],"predecessor-version":[{"id":1573,"href":"https:\/\/infor.net\/portal\/wp-json\/wp\/v2\/pages\/1349\/revisions\/1573"}],"wp:attachment":[{"href":"https:\/\/infor.net\/portal\/wp-json\/wp\/v2\/media?parent=1349"}],"curies":[{"name":"wp","href":"https:\/\/api.w.org\/{rel}","templated":true}]}}