{"id":1339,"date":"2024-09-12T17:35:10","date_gmt":"2024-09-12T17:35:10","guid":{"rendered":"https:\/\/infor.net\/portal\/?page_id=1339"},"modified":"2024-09-12T17:35:14","modified_gmt":"2024-09-12T17:35:14","slug":"pre-autorizacion-de-creditos","status":"publish","type":"page","link":"https:\/\/infor.net\/portal\/pre-autorizacion-de-creditos\/","title":{"rendered":"Pre Autorizaci\u00f3n de Cr\u00e9ditos"},"content":{"rendered":"\n<p class=\"\">Se tiene la capacidad de desarrollar preautorizaciones electr\u00f3nicas en base a los requerimientos o perfiles de an\u00e1lisis de riesgos que al cliente le interesan. Estos preautorizados pueden ser vistos v\u00eda Internet o en los archivos electr\u00f3nicos que devuelve el servicio de estudios batch.<\/p>\n","protected":false},"excerpt":{"rendered":"<p>Se tiene la capacidad de desarrollar preautorizaciones electr\u00f3nicas en base a los requerimientos o perfiles de an\u00e1lisis de riesgos que al cliente le interesan. Estos preautorizados pueden ser vistos v\u00eda Internet o en los archivos electr\u00f3nicos que devuelve el servicio de estudios batch.<\/p>\n","protected":false},"author":1,"featured_media":0,"parent":0,"menu_order":0,"comment_status":"closed","ping_status":"closed","template":"","meta":{"_acf_changed":false,"nf_dc_page":"","om_disable_all_campaigns":false,"footnotes":""},"class_list":["post-1339","page","type-page","status-publish","hentry"],"acf":[],"yoast_head":"<!-- This site is optimized with the Yoast SEO plugin v27.4 - https:\/\/yoast.com\/product\/yoast-seo-wordpress\/ -->\n<title>Pre Autorizaci\u00f3n de Cr\u00e9ditos - Infornet<\/title>\n<meta name=\"robots\" content=\"index, follow, max-snippet:-1, max-image-preview:large, max-video-preview:-1\" \/>\n<link rel=\"canonical\" href=\"https:\/\/infor.net\/portal\/pre-autorizacion-de-creditos\/\" \/>\n<meta property=\"og:locale\" content=\"es_ES\" \/>\n<meta property=\"og:type\" content=\"article\" \/>\n<meta property=\"og:title\" content=\"Pre Autorizaci\u00f3n de Cr\u00e9ditos - Infornet\" \/>\n<meta property=\"og:description\" content=\"Se tiene la capacidad de desarrollar preautorizaciones electr\u00f3nicas en base a los requerimientos o perfiles de an\u00e1lisis de riesgos que al cliente le interesan. Estos preautorizados pueden ser vistos v\u00eda Internet o en los archivos electr\u00f3nicos que devuelve el servicio de estudios batch.\" \/>\n<meta property=\"og:url\" content=\"https:\/\/infor.net\/portal\/pre-autorizacion-de-creditos\/\" \/>\n<meta property=\"og:site_name\" content=\"Infornet\" \/>\n<meta property=\"article:modified_time\" content=\"2024-09-12T17:35:14+00:00\" \/>\n<meta name=\"twitter:card\" content=\"summary_large_image\" \/>\n<meta name=\"twitter:label1\" content=\"Tiempo de lectura\" \/>\n\t<meta name=\"twitter:data1\" content=\"1 minuto\" \/>\n<script type=\"application\/ld+json\" class=\"yoast-schema-graph\">{\"@context\":\"https:\\\/\\\/schema.org\",\"@graph\":[{\"@type\":\"WebPage\",\"@id\":\"https:\\\/\\\/infor.net\\\/portal\\\/pre-autorizacion-de-creditos\\\/\",\"url\":\"https:\\\/\\\/infor.net\\\/portal\\\/pre-autorizacion-de-creditos\\\/\",\"name\":\"Pre Autorizaci\u00f3n de Cr\u00e9ditos - Infornet\",\"isPartOf\":{\"@id\":\"https:\\\/\\\/infor.net\\\/portal\\\/#website\"},\"datePublished\":\"2024-09-12T17:35:10+00:00\",\"dateModified\":\"2024-09-12T17:35:14+00:00\",\"breadcrumb\":{\"@id\":\"https:\\\/\\\/infor.net\\\/portal\\\/pre-autorizacion-de-creditos\\\/#breadcrumb\"},\"inLanguage\":\"es\",\"potentialAction\":[{\"@type\":\"ReadAction\",\"target\":[\"https:\\\/\\\/infor.net\\\/portal\\\/pre-autorizacion-de-creditos\\\/\"]}]},{\"@type\":\"BreadcrumbList\",\"@id\":\"https:\\\/\\\/infor.net\\\/portal\\\/pre-autorizacion-de-creditos\\\/#breadcrumb\",\"itemListElement\":[{\"@type\":\"ListItem\",\"position\":1,\"name\":\"Home\",\"item\":\"https:\\\/\\\/infor.net\\\/portal\\\/\"},{\"@type\":\"ListItem\",\"position\":2,\"name\":\"Pre Autorizaci\u00f3n de Cr\u00e9ditos\"}]},{\"@type\":\"WebSite\",\"@id\":\"https:\\\/\\\/infor.net\\\/portal\\\/#website\",\"url\":\"https:\\\/\\\/infor.net\\\/portal\\\/\",\"name\":\"Infornet\",\"description\":\"Reduciendo Riesgos\",\"potentialAction\":[{\"@type\":\"SearchAction\",\"target\":{\"@type\":\"EntryPoint\",\"urlTemplate\":\"https:\\\/\\\/infor.net\\\/portal\\\/?s={search_term_string}\"},\"query-input\":{\"@type\":\"PropertyValueSpecification\",\"valueRequired\":true,\"valueName\":\"search_term_string\"}}],\"inLanguage\":\"es\"}]}<\/script>\n<!-- \/ Yoast SEO plugin. -->","yoast_head_json":{"title":"Pre Autorizaci\u00f3n de Cr\u00e9ditos - Infornet","robots":{"index":"index","follow":"follow","max-snippet":"max-snippet:-1","max-image-preview":"max-image-preview:large","max-video-preview":"max-video-preview:-1"},"canonical":"https:\/\/infor.net\/portal\/pre-autorizacion-de-creditos\/","og_locale":"es_ES","og_type":"article","og_title":"Pre Autorizaci\u00f3n de Cr\u00e9ditos - Infornet","og_description":"Se tiene la capacidad de desarrollar preautorizaciones electr\u00f3nicas en base a los requerimientos o perfiles de an\u00e1lisis de riesgos que al cliente le interesan. Estos preautorizados pueden ser vistos v\u00eda Internet o en los archivos electr\u00f3nicos que devuelve el servicio de estudios batch.","og_url":"https:\/\/infor.net\/portal\/pre-autorizacion-de-creditos\/","og_site_name":"Infornet","article_modified_time":"2024-09-12T17:35:14+00:00","twitter_card":"summary_large_image","twitter_misc":{"Tiempo de lectura":"1 minuto"},"schema":{"@context":"https:\/\/schema.org","@graph":[{"@type":"WebPage","@id":"https:\/\/infor.net\/portal\/pre-autorizacion-de-creditos\/","url":"https:\/\/infor.net\/portal\/pre-autorizacion-de-creditos\/","name":"Pre Autorizaci\u00f3n de Cr\u00e9ditos - Infornet","isPartOf":{"@id":"https:\/\/infor.net\/portal\/#website"},"datePublished":"2024-09-12T17:35:10+00:00","dateModified":"2024-09-12T17:35:14+00:00","breadcrumb":{"@id":"https:\/\/infor.net\/portal\/pre-autorizacion-de-creditos\/#breadcrumb"},"inLanguage":"es","potentialAction":[{"@type":"ReadAction","target":["https:\/\/infor.net\/portal\/pre-autorizacion-de-creditos\/"]}]},{"@type":"BreadcrumbList","@id":"https:\/\/infor.net\/portal\/pre-autorizacion-de-creditos\/#breadcrumb","itemListElement":[{"@type":"ListItem","position":1,"name":"Home","item":"https:\/\/infor.net\/portal\/"},{"@type":"ListItem","position":2,"name":"Pre Autorizaci\u00f3n de Cr\u00e9ditos"}]},{"@type":"WebSite","@id":"https:\/\/infor.net\/portal\/#website","url":"https:\/\/infor.net\/portal\/","name":"Infornet","description":"Reduciendo Riesgos","potentialAction":[{"@type":"SearchAction","target":{"@type":"EntryPoint","urlTemplate":"https:\/\/infor.net\/portal\/?s={search_term_string}"},"query-input":{"@type":"PropertyValueSpecification","valueRequired":true,"valueName":"search_term_string"}}],"inLanguage":"es"}]}},"jetpack_sharing_enabled":true,"_links":{"self":[{"href":"https:\/\/infor.net\/portal\/wp-json\/wp\/v2\/pages\/1339","targetHints":{"allow":["GET"]}}],"collection":[{"href":"https:\/\/infor.net\/portal\/wp-json\/wp\/v2\/pages"}],"about":[{"href":"https:\/\/infor.net\/portal\/wp-json\/wp\/v2\/types\/page"}],"author":[{"embeddable":true,"href":"https:\/\/infor.net\/portal\/wp-json\/wp\/v2\/users\/1"}],"replies":[{"embeddable":true,"href":"https:\/\/infor.net\/portal\/wp-json\/wp\/v2\/comments?post=1339"}],"version-history":[{"count":1,"href":"https:\/\/infor.net\/portal\/wp-json\/wp\/v2\/pages\/1339\/revisions"}],"predecessor-version":[{"id":1340,"href":"https:\/\/infor.net\/portal\/wp-json\/wp\/v2\/pages\/1339\/revisions\/1340"}],"wp:attachment":[{"href":"https:\/\/infor.net\/portal\/wp-json\/wp\/v2\/media?parent=1339"}],"curies":[{"name":"wp","href":"https:\/\/api.w.org\/{rel}","templated":true}]}}