{"id":1331,"date":"2024-09-12T17:16:41","date_gmt":"2024-09-12T17:16:41","guid":{"rendered":"https:\/\/infor.net\/portal\/?page_id=1331"},"modified":"2025-09-01T18:27:24","modified_gmt":"2025-09-01T18:27:24","slug":"estudios","status":"publish","type":"page","link":"https:\/\/infor.net\/portal\/estudios\/","title":{"rendered":"Estudios"},"content":{"rendered":"\t\t<div data-elementor-type=\"wp-page\" data-elementor-id=\"1331\" class=\"elementor elementor-1331\">\n\t\t\t\t<div class=\"elementor-element elementor-element-1a3fb3da e-flex e-con-boxed e-con e-parent\" data-id=\"1a3fb3da\" data-element_type=\"container\" data-e-type=\"container\">\n\t\t\t\t\t<div class=\"e-con-inner\">\n\t\t\t\t<div class=\"elementor-element elementor-element-208e2f33 elementor-widget elementor-widget-text-editor\" data-id=\"208e2f33\" data-element_type=\"widget\" data-e-type=\"widget\" data-widget_type=\"text-editor.default\">\n\t\t\t\t<div class=\"elementor-widget-container\">\n\t\t\t\t\t\t\t\t\t\n<p class=\"\">Un estudio infor.net es un registro del comportamiento crediticio o judicial de un consumidor. Este informe es uno de los mejores recursos que usted tiene para manejar sus finanzas y salud financiera. El conocimiento es poder cuando usted accede a su estudio de cr\u00e9dito. Una buena historia de cr\u00e9dito puede permitirle obtener cr\u00e9dito y aprovechar mejores oportunidades.<\/p>\n\n<p class=\"\">El Estudio de Cr\u00e9dito infor.net muestra informaci\u00f3n importante de sus otorgantes de cr\u00e9dito que son clientes de infor.net (como bancos y entidades financieras). Los registros p\u00fablicos son otra fuente de informaci\u00f3n. Las empresas que son clientes de infor.net pueden obtener esta informaci\u00f3n (con el consentimiento del cliente.) Esto les permite tomar decisiones r\u00e1pidas e informadas, confiables y objetivas, y tambi\u00e9n puede permitirles aprobar pr\u00e9stamos y otorgarle cr\u00e9dito a usted en minutos.<\/p>\n\n<p class=\"\">El estudio puede contener:<br \/>\u2022 Informaci\u00f3n del comportamiento de pago de sus cr\u00e9ditos y\/o tarjetas de cr\u00e9dito.<br \/>\u2022 Registros p\u00fablicos sobre aspectos que puedan afectar la solvencia, incluyendo juicios.<br \/>\u2022 Aclaraciones o comentarios del consumidor o titular del estudio cuando considere que hay alguna inconsistencia en su historia de cr\u00e9dito.<br \/>\u2022 Huella de consulta, bit\u00e1cora de consulta, que enumera las empresas que han solicitado su estudio de cr\u00e9dito.<\/p>\n\n<p class=\"\">La informaci\u00f3n espec\u00edfica en el estudio de cr\u00e9dito de un consumidor puede variar seg\u00fan el pa\u00eds. Su estudio de cr\u00e9dito en infor.net no contiene informaci\u00f3n acerca productos de captaci\u00f3n, historia cl\u00ednica, raza, g\u00e9nero o religi\u00f3n.<\/p>\n\n<p class=\"\">Puede revisar su estudio de cr\u00e9dito con regularidad. Infor.net hace que el conocimiento y revisi\u00f3n de su estudio de cr\u00e9dito sea f\u00e1cil.<\/p>\n\n<p class=\"\">Disfrute de los siguientes beneficios revisando con regularidad su Estudio de Cr\u00e9dito infor.net:<br \/>\u2022 Asegurarse de que su informaci\u00f3n sea exacta y est\u00e9 actualizada.<br \/>\u2022 Conozca los datos que suministran sobre usted quienes le han otorgado cr\u00e9dito.<br \/>\u2022 Detecte posibles robos de identidad y fraude en forma temprana.<\/p>\n\n<p class=\"\">\u00a0<\/p>\n\t\t\t\t\t\t\t\t<\/div>\n\t\t\t\t<\/div>\n\t\t\t\t\t<\/div>\n\t\t\t\t<\/div>\n\t\t\t\t<\/div>\n\t\t","protected":false},"excerpt":{"rendered":"<p>Un estudio infor.net es un registro del comportamiento crediticio o judicial de un consumidor. Este informe es uno de los mejores recursos que usted tiene para manejar sus finanzas y salud financiera. El conocimiento es poder cuando usted accede a su estudio de cr\u00e9dito. Una buena historia de cr\u00e9dito puede permitirle obtener cr\u00e9dito y aprovechar [&hellip;]<\/p>\n","protected":false},"author":1,"featured_media":0,"parent":0,"menu_order":0,"comment_status":"closed","ping_status":"closed","template":"","meta":{"_acf_changed":false,"nf_dc_page":"","om_disable_all_campaigns":false,"footnotes":""},"class_list":["post-1331","page","type-page","status-publish","hentry"],"acf":[],"yoast_head":"<!-- This site is optimized with the Yoast SEO plugin v27.4 - https:\/\/yoast.com\/product\/yoast-seo-wordpress\/ -->\n<title>Estudios - Infornet<\/title>\n<meta name=\"robots\" content=\"index, follow, max-snippet:-1, max-image-preview:large, max-video-preview:-1\" \/>\n<link rel=\"canonical\" href=\"https:\/\/infor.net\/portal\/estudios\/\" \/>\n<meta property=\"og:locale\" content=\"es_ES\" \/>\n<meta property=\"og:type\" content=\"article\" \/>\n<meta property=\"og:title\" content=\"Estudios - Infornet\" \/>\n<meta property=\"og:description\" content=\"Un estudio infor.net es un registro del comportamiento crediticio o judicial de un consumidor. Este informe es uno de los mejores recursos que usted tiene para manejar sus finanzas y salud financiera. El conocimiento es poder cuando usted accede a su estudio de cr\u00e9dito. Una buena historia de cr\u00e9dito puede permitirle obtener cr\u00e9dito y aprovechar [&hellip;]\" \/>\n<meta property=\"og:url\" content=\"https:\/\/infor.net\/portal\/estudios\/\" \/>\n<meta property=\"og:site_name\" content=\"Infornet\" \/>\n<meta property=\"article:modified_time\" content=\"2025-09-01T18:27:24+00:00\" \/>\n<meta name=\"twitter:card\" content=\"summary_large_image\" \/>\n<meta name=\"twitter:label1\" content=\"Tiempo de lectura\" \/>\n\t<meta name=\"twitter:data1\" content=\"2 minutos\" \/>\n<script type=\"application\/ld+json\" class=\"yoast-schema-graph\">{\"@context\":\"https:\\\/\\\/schema.org\",\"@graph\":[{\"@type\":\"WebPage\",\"@id\":\"https:\\\/\\\/infor.net\\\/portal\\\/estudios\\\/\",\"url\":\"https:\\\/\\\/infor.net\\\/portal\\\/estudios\\\/\",\"name\":\"Estudios - Infornet\",\"isPartOf\":{\"@id\":\"https:\\\/\\\/infor.net\\\/portal\\\/#website\"},\"datePublished\":\"2024-09-12T17:16:41+00:00\",\"dateModified\":\"2025-09-01T18:27:24+00:00\",\"breadcrumb\":{\"@id\":\"https:\\\/\\\/infor.net\\\/portal\\\/estudios\\\/#breadcrumb\"},\"inLanguage\":\"es\",\"potentialAction\":[{\"@type\":\"ReadAction\",\"target\":[\"https:\\\/\\\/infor.net\\\/portal\\\/estudios\\\/\"]}]},{\"@type\":\"BreadcrumbList\",\"@id\":\"https:\\\/\\\/infor.net\\\/portal\\\/estudios\\\/#breadcrumb\",\"itemListElement\":[{\"@type\":\"ListItem\",\"position\":1,\"name\":\"Home\",\"item\":\"https:\\\/\\\/infor.net\\\/portal\\\/\"},{\"@type\":\"ListItem\",\"position\":2,\"name\":\"Estudios\"}]},{\"@type\":\"WebSite\",\"@id\":\"https:\\\/\\\/infor.net\\\/portal\\\/#website\",\"url\":\"https:\\\/\\\/infor.net\\\/portal\\\/\",\"name\":\"Infornet\",\"description\":\"Reduciendo Riesgos\",\"potentialAction\":[{\"@type\":\"SearchAction\",\"target\":{\"@type\":\"EntryPoint\",\"urlTemplate\":\"https:\\\/\\\/infor.net\\\/portal\\\/?s={search_term_string}\"},\"query-input\":{\"@type\":\"PropertyValueSpecification\",\"valueRequired\":true,\"valueName\":\"search_term_string\"}}],\"inLanguage\":\"es\"}]}<\/script>\n<!-- \/ Yoast SEO plugin. -->","yoast_head_json":{"title":"Estudios - Infornet","robots":{"index":"index","follow":"follow","max-snippet":"max-snippet:-1","max-image-preview":"max-image-preview:large","max-video-preview":"max-video-preview:-1"},"canonical":"https:\/\/infor.net\/portal\/estudios\/","og_locale":"es_ES","og_type":"article","og_title":"Estudios - Infornet","og_description":"Un estudio infor.net es un registro del comportamiento crediticio o judicial de un consumidor. Este informe es uno de los mejores recursos que usted tiene para manejar sus finanzas y salud financiera. El conocimiento es poder cuando usted accede a su estudio de cr\u00e9dito. Una buena historia de cr\u00e9dito puede permitirle obtener cr\u00e9dito y aprovechar [&hellip;]","og_url":"https:\/\/infor.net\/portal\/estudios\/","og_site_name":"Infornet","article_modified_time":"2025-09-01T18:27:24+00:00","twitter_card":"summary_large_image","twitter_misc":{"Tiempo de lectura":"2 minutos"},"schema":{"@context":"https:\/\/schema.org","@graph":[{"@type":"WebPage","@id":"https:\/\/infor.net\/portal\/estudios\/","url":"https:\/\/infor.net\/portal\/estudios\/","name":"Estudios - Infornet","isPartOf":{"@id":"https:\/\/infor.net\/portal\/#website"},"datePublished":"2024-09-12T17:16:41+00:00","dateModified":"2025-09-01T18:27:24+00:00","breadcrumb":{"@id":"https:\/\/infor.net\/portal\/estudios\/#breadcrumb"},"inLanguage":"es","potentialAction":[{"@type":"ReadAction","target":["https:\/\/infor.net\/portal\/estudios\/"]}]},{"@type":"BreadcrumbList","@id":"https:\/\/infor.net\/portal\/estudios\/#breadcrumb","itemListElement":[{"@type":"ListItem","position":1,"name":"Home","item":"https:\/\/infor.net\/portal\/"},{"@type":"ListItem","position":2,"name":"Estudios"}]},{"@type":"WebSite","@id":"https:\/\/infor.net\/portal\/#website","url":"https:\/\/infor.net\/portal\/","name":"Infornet","description":"Reduciendo Riesgos","potentialAction":[{"@type":"SearchAction","target":{"@type":"EntryPoint","urlTemplate":"https:\/\/infor.net\/portal\/?s={search_term_string}"},"query-input":{"@type":"PropertyValueSpecification","valueRequired":true,"valueName":"search_term_string"}}],"inLanguage":"es"}]}},"jetpack_sharing_enabled":true,"_links":{"self":[{"href":"https:\/\/infor.net\/portal\/wp-json\/wp\/v2\/pages\/1331","targetHints":{"allow":["GET"]}}],"collection":[{"href":"https:\/\/infor.net\/portal\/wp-json\/wp\/v2\/pages"}],"about":[{"href":"https:\/\/infor.net\/portal\/wp-json\/wp\/v2\/types\/page"}],"author":[{"embeddable":true,"href":"https:\/\/infor.net\/portal\/wp-json\/wp\/v2\/users\/1"}],"replies":[{"embeddable":true,"href":"https:\/\/infor.net\/portal\/wp-json\/wp\/v2\/comments?post=1331"}],"version-history":[{"count":5,"href":"https:\/\/infor.net\/portal\/wp-json\/wp\/v2\/pages\/1331\/revisions"}],"predecessor-version":[{"id":1572,"href":"https:\/\/infor.net\/portal\/wp-json\/wp\/v2\/pages\/1331\/revisions\/1572"}],"wp:attachment":[{"href":"https:\/\/infor.net\/portal\/wp-json\/wp\/v2\/media?parent=1331"}],"curies":[{"name":"wp","href":"https:\/\/api.w.org\/{rel}","templated":true}]}}